{"id":65,"date":"2025-06-07T02:47:01","date_gmt":"2025-06-07T02:47:01","guid":{"rendered":"http:\/\/fruehstuecksfreude.de\/clients\/"},"modified":"2025-08-27T03:30:27","modified_gmt":"2025-08-27T01:30:27","slug":"clients","status":"publish","type":"page","link":"https:\/\/goldenebroetchen.de\/home\/clients\/","title":{"rendered":"Partnerb\u00e4ckerei"},"content":{"rendered":"\t\t<div data-elementor-type=\"wp-page\" data-elementor-id=\"65\" class=\"elementor elementor-65\">\n\t\t\t\t<div class=\"elementor-element elementor-element-70e4713d e-transform e-flex e-con-boxed e-con e-parent\" data-id=\"70e4713d\" data-element_type=\"container\" data-settings=\"{&quot;background_background&quot;:&quot;gradient&quot;,&quot;shape_divider_bottom&quot;:&quot;mountains&quot;,&quot;_transform_rotateZ_effect&quot;:{&quot;unit&quot;:&quot;px&quot;,&quot;size&quot;:0,&quot;sizes&quot;:[]},&quot;_transform_rotateZ_effect_tablet&quot;:{&quot;unit&quot;:&quot;deg&quot;,&quot;size&quot;:&quot;&quot;,&quot;sizes&quot;:[]},&quot;_transform_rotateZ_effect_mobile&quot;:{&quot;unit&quot;:&quot;deg&quot;,&quot;size&quot;:&quot;&quot;,&quot;sizes&quot;:[]}}\">\n\t\t\t\t\t<div class=\"e-con-inner\">\n\t\t\t\t<div class=\"elementor-shape elementor-shape-bottom\" aria-hidden=\"true\" data-negative=\"false\">\n\t\t\t<svg xmlns=\"http:\/\/www.w3.org\/2000\/svg\" viewBox=\"0 0 1000 100\" preserveAspectRatio=\"none\">\n\t<path class=\"elementor-shape-fill\" opacity=\"0.33\" d=\"M473,67.3c-203.9,88.3-263.1-34-320.3,0C66,119.1,0,59.7,0,59.7V0h1000v59.7 c0,0-62.1,26.1-94.9,29.3c-32.8,3.3-62.8-12.3-75.8-22.1C806,49.6,745.3,8.7,694.9,4.7S492.4,59,473,67.3z\"\/>\n\t<path class=\"elementor-shape-fill\" opacity=\"0.66\" d=\"M734,67.3c-45.5,0-77.2-23.2-129.1-39.1c-28.6-8.7-150.3-10.1-254,39.1 s-91.7-34.4-149.2,0C115.7,118.3,0,39.8,0,39.8V0h1000v36.5c0,0-28.2-18.5-92.1-18.5C810.2,18.1,775.7,67.3,734,67.3z\"\/>\n\t<path class=\"elementor-shape-fill\" d=\"M766.1,28.9c-200-57.5-266,65.5-395.1,19.5C242,1.8,242,5.4,184.8,20.6C128,35.8,132.3,44.9,89.9,52.5C28.6,63.7,0,0,0,0 h1000c0,0-9.9,40.9-83.6,48.1S829.6,47,766.1,28.9z\"\/>\n<\/svg>\t\t<\/div>\n\t\t\t\t<div class=\"elementor-element elementor-element-1a6f3156 elementor-invisible elementor-widget elementor-widget-heading\" data-id=\"1a6f3156\" data-element_type=\"widget\" data-settings=\"{&quot;_animation&quot;:&quot;fadeIn&quot;}\" data-widget_type=\"heading.default\">\n\t\t\t\t<div class=\"elementor-widget-container\">\n\t\t\t\t\t<h1 class=\"elementor-heading-title elementor-size-default\">Unsere Partnerb\u00e4ckerei<\/h1>\t\t\t\t<\/div>\n\t\t\t\t<\/div>\n\t\t\t\t\t<\/div>\n\t\t\t\t<\/div>\n\t\t<div class=\"elementor-element elementor-element-48cf54e8 e-flex e-con-boxed elementor-invisible e-con e-parent\" data-id=\"48cf54e8\" data-element_type=\"container\" data-settings=\"{&quot;background_background&quot;:&quot;classic&quot;,&quot;animation&quot;:&quot;fadeIn&quot;}\">\n\t\t\t\t\t<div class=\"e-con-inner\">\n\t\t<div class=\"elementor-element elementor-element-31a47aa7 e-con-full e-flex e-con e-child\" data-id=\"31a47aa7\" data-element_type=\"container\">\n\t\t\t\t<div class=\"elementor-element elementor-element-41acb619 elementor-widget elementor-widget-image\" data-id=\"41acb619\" data-element_type=\"widget\" data-widget_type=\"image.default\">\n\t\t\t\t<div class=\"elementor-widget-container\">\n\t\t\t\t\t\t\t\t\t\t\t\t\t\t\t<img fetchpriority=\"high\" decoding=\"async\" width=\"1149\" height=\"876\" src=\"https:\/\/goldenebroetchen.de\/wp-content\/uploads\/2025\/08\/thumbnail_Logo_Stempel.png\" class=\"attachment-full size-full wp-image-474\" alt=\"\" srcset=\"https:\/\/goldenebroetchen.de\/wp-content\/uploads\/2025\/08\/thumbnail_Logo_Stempel.png 1149w, https:\/\/goldenebroetchen.de\/wp-content\/uploads\/2025\/08\/thumbnail_Logo_Stempel-300x229.png 300w, https:\/\/goldenebroetchen.de\/wp-content\/uploads\/2025\/08\/thumbnail_Logo_Stempel-1024x781.png 1024w, https:\/\/goldenebroetchen.de\/wp-content\/uploads\/2025\/08\/thumbnail_Logo_Stempel-768x586.png 768w\" sizes=\"(max-width: 1149px) 100vw, 1149px\" \/>\t\t\t\t\t\t\t\t\t\t\t\t\t\t\t<\/div>\n\t\t\t\t<\/div>\n\t\t\t\t<div class=\"elementor-element elementor-element-17921e02 e-transform elementor-widget elementor-widget-image\" data-id=\"17921e02\" data-element_type=\"widget\" data-settings=\"{&quot;_transform_scale_effect&quot;:{&quot;unit&quot;:&quot;px&quot;,&quot;size&quot;:1,&quot;sizes&quot;:[]},&quot;_transform_scale_effect_tablet&quot;:{&quot;unit&quot;:&quot;px&quot;,&quot;size&quot;:&quot;&quot;,&quot;sizes&quot;:[]},&quot;_transform_scale_effect_mobile&quot;:{&quot;unit&quot;:&quot;px&quot;,&quot;size&quot;:&quot;&quot;,&quot;sizes&quot;:[]}}\" data-widget_type=\"image.default\">\n\t\t\t\t<div class=\"elementor-widget-container\">\n\t\t\t\t\t\t\t\t\t\t\t\t\t\t\t<img decoding=\"async\" src=\"https:\/\/media04.kreiszeitung-wochenblatt.de\/article\/2017\/06\/16\/5\/258125_XXL.jpg?1563048791\" title=\"\" alt=\"\" loading=\"lazy\" \/>\t\t\t\t\t\t\t\t\t\t\t\t\t\t\t<\/div>\n\t\t\t\t<\/div>\n\t\t\t\t<\/div>\n\t\t<div class=\"elementor-element elementor-element-4c685b7b e-con-full e-flex e-con e-child\" data-id=\"4c685b7b\" data-element_type=\"container\">\n\t\t\t\t<div class=\"elementor-element elementor-element-5b1e621 elementor-widget elementor-widget-heading\" data-id=\"5b1e621\" data-element_type=\"widget\" data-widget_type=\"heading.default\">\n\t\t\t\t<div class=\"elementor-widget-container\">\n\t\t\t\t\t<h3 class=\"elementor-heading-title elementor-size-default\">Unser Partner:<\/h3>\t\t\t\t<\/div>\n\t\t\t\t<\/div>\n\t\t\t\t<div class=\"elementor-element elementor-element-43b3fa99 elementor-widget elementor-widget-cta\" data-id=\"43b3fa99\" data-element_type=\"widget\" data-settings=\"{&quot;cta_position&quot;:&quot;column&quot;,&quot;primary_button_shape&quot;:&quot;round&quot;,&quot;layout_preset&quot;:&quot;streamline&quot;,&quot;content_alignment&quot;:&quot;start&quot;,&quot;content_alignment_tablet&quot;:&quot;center&quot;,&quot;content_alignment_mobile&quot;:&quot;center&quot;,&quot;cta_width&quot;:&quot;default&quot;,&quot;box_shape&quot;:&quot;sharp&quot;}\" data-widget_type=\"cta.default\">\n\t\t\t\t<div class=\"elementor-widget-container\">\n\t\t\t\t\t\t\t<div class=\"has-shape-sharp shape-type-box ehp-cta has-preset-streamline\">\n\t\t\t<div class=\"ehp-cta__overlay\"><\/div>\n\t\t\t<div class=\"ehp-cta__elements-container\">\n\t\t\t\t\t\t<div class=\"ehp-cta__text-container\">\n\t\t\t<h2 class=\"ehp-cta__heading\">M\u00fchlenb\u00e4ckerei Schmacke<\/h2><p class=\"ehp-cta__description\">Seit \u00fcber 120 Jahren steht die M\u00fchlenb\u00e4ckerei Schmacke in Buxtehude f\u00fcr echtes B\u00e4ckerhandwerk, regionale Zutaten und unverf\u00e4lschten Geschmack. Als Familienbetrieb in vierter Generation verbindet sie Tradition mit Innovation \u2013 und genau das sch\u00e4tzen wir an unserem starken Partner.\n<br><br>\n\ud83e\udd68 <b>Ehrliches Handwerk, das man schmeckt<\/b><br>Ob kr\u00e4ftiges Roggenbrot mit hauseigenem Sauerteig, feinste Buttercroissants oder das legend\u00e4re \u201eKraftkornbrot\u201c ohne Mehl, Hefe oder Zusatzstoffe \u2013 bei Schmacke wird jeder Laib Brot mit Sorgfalt und viel Liebe gebacken.\n<br><br>\n\ud83c\udf3e <b>Regionalit\u00e4t und Nachhaltigkeit<\/b>\n<br>Die M\u00fchlenb\u00e4ckerei verwendet Mehle aus norddeutscher Erzeugung und verzichtet auf k\u00fcnstliche Zus\u00e4tze. So entstehen ehrliche Produkte, die nicht nur schmecken, sondern auch ein gutes Gef\u00fchl geben.\n<br><br>\n\u2615 <b>Backstubenblick inklusive<\/b><br>In der Hauptfiliale an der L\u00fcneburger Schanze 22 k\u00f6nnen Kund:innen dem Backteam bei der Arbeit zusehen \u2013 ein Erlebnis f\u00fcr alle Sinne, das Transparenz und Vertrauen schafft.\n<br><br>\nWir sind stolz auf die Partnerschaft mit der M\u00fchlenb\u00e4ckerei Schmacke \u2013 denn gemeinsam setzen wir auf Qualit\u00e4t, Herkunft und echtes Handwerk.<\/p>\t\t<\/div>\n\t\t\t\t\t<div class=\"ehp-cta__ctas-container has-cta-width-default\">\n\t\t\t\t<div class=\"ehp-cta__buttons-wrapper\">\n\t\t\t\t\t\t\t<a class=\"has-shape-round shape-type-button ehp-button ehp-button--primary ehp-cta__button ehp-cta__button--primary is-type-button\" href=\"https:\/\/schmacke.de\/muehlenbaeckerei-schmacke\/\">\n\t\t\t\t\t<span class=\"ehp-button__text ehp-cta__button-text ehp-cta__button-text--primary\">\n\t\t\tMehr erfahren\t\t\t\t<\/a>\n\t\t\t\t\t\t\t\t\t\t\t<\/div>\n\t\t\t<\/div>\n\t\t\t\t\t<\/div>\n\t\t<\/div>\n\t\t\t\t\t\t<\/div>\n\t\t\t\t<\/div>\n\t\t\t\t<div class=\"elementor-element elementor-element-2e32d3b elementor-shape-circle elementor-widget__width-initial e-grid-align-mobile-center elementor-widget-mobile__width-initial elementor-grid-0 e-grid-align-center elementor-widget elementor-widget-social-icons\" data-id=\"2e32d3b\" data-element_type=\"widget\" data-widget_type=\"social-icons.default\">\n\t\t\t\t<div class=\"elementor-widget-container\">\n\t\t\t\t\t\t\t<div class=\"elementor-social-icons-wrapper elementor-grid\" role=\"list\">\n\t\t\t\t\t\t\t<span class=\"elementor-grid-item\" role=\"listitem\">\n\t\t\t\t\t<a class=\"elementor-icon elementor-social-icon elementor-social-icon-youtube elementor-repeater-item-4d0ab4c\" href=\"https:\/\/www.youtube.com\/@muhlenbackereischmacke7468\/videos\" target=\"_blank\">\n\t\t\t\t\t\t<span class=\"elementor-screen-only\">Youtube<\/span>\n\t\t\t\t\t\t<svg class=\"e-font-icon-svg e-fab-youtube\" viewBox=\"0 0 576 512\" xmlns=\"http:\/\/www.w3.org\/2000\/svg\"><path d=\"M549.655 124.083c-6.281-23.65-24.787-42.276-48.284-48.597C458.781 64 288 64 288 64S117.22 64 74.629 75.486c-23.497 6.322-42.003 24.947-48.284 48.597-11.412 42.867-11.412 132.305-11.412 132.305s0 89.438 11.412 132.305c6.281 23.65 24.787 41.5 48.284 47.821C117.22 448 288 448 288 448s170.78 0 213.371-11.486c23.497-6.321 42.003-24.171 48.284-47.821 11.412-42.867 11.412-132.305 11.412-132.305s0-89.438-11.412-132.305zm-317.51 213.508V175.185l142.739 81.205-142.739 81.201z\"><\/path><\/svg>\t\t\t\t\t<\/a>\n\t\t\t\t<\/span>\n\t\t\t\t\t\t\t<span class=\"elementor-grid-item\" role=\"listitem\">\n\t\t\t\t\t<a class=\"elementor-icon elementor-social-icon elementor-social-icon-instagram elementor-repeater-item-04f872f\" href=\"https:\/\/www.instagram.com\/muehlenbaeckereischmacke\/\" target=\"_blank\">\n\t\t\t\t\t\t<span class=\"elementor-screen-only\">Instagram<\/span>\n\t\t\t\t\t\t<svg class=\"e-font-icon-svg e-fab-instagram\" viewBox=\"0 0 448 512\" xmlns=\"http:\/\/www.w3.org\/2000\/svg\"><path d=\"M224.1 141c-63.6 0-114.9 51.3-114.9 114.9s51.3 114.9 114.9 114.9S339 319.5 339 255.9 287.7 141 224.1 141zm0 189.6c-41.1 0-74.7-33.5-74.7-74.7s33.5-74.7 74.7-74.7 74.7 33.5 74.7 74.7-33.6 74.7-74.7 74.7zm146.4-194.3c0 14.9-12 26.8-26.8 26.8-14.9 0-26.8-12-26.8-26.8s12-26.8 26.8-26.8 26.8 12 26.8 26.8zm76.1 27.2c-1.7-35.9-9.9-67.7-36.2-93.9-26.2-26.2-58-34.4-93.9-36.2-37-2.1-147.9-2.1-184.9 0-35.8 1.7-67.6 9.9-93.9 36.1s-34.4 58-36.2 93.9c-2.1 37-2.1 147.9 0 184.9 1.7 35.9 9.9 67.7 36.2 93.9s58 34.4 93.9 36.2c37 2.1 147.9 2.1 184.9 0 35.9-1.7 67.7-9.9 93.9-36.2 26.2-26.2 34.4-58 36.2-93.9 2.1-37 2.1-147.8 0-184.8zM398.8 388c-7.8 19.6-22.9 34.7-42.6 42.6-29.5 11.7-99.5 9-132.1 9s-102.7 2.6-132.1-9c-19.6-7.8-34.7-22.9-42.6-42.6-11.7-29.5-9-99.5-9-132.1s-2.6-102.7 9-132.1c7.8-19.6 22.9-34.7 42.6-42.6 29.5-11.7 99.5-9 132.1-9s102.7-2.6 132.1 9c19.6 7.8 34.7 22.9 42.6 42.6 11.7 29.5 9 99.5 9 132.1s2.7 102.7-9 132.1z\"><\/path><\/svg>\t\t\t\t\t<\/a>\n\t\t\t\t<\/span>\n\t\t\t\t\t<\/div>\n\t\t\t\t\t\t<\/div>\n\t\t\t\t<\/div>\n\t\t\t\t<\/div>\n\t\t\t\t\t<\/div>\n\t\t\t\t<\/div>\n\t\t<div class=\"elementor-element elementor-element-a1f38e1 e-flex e-con-boxed e-con e-parent\" data-id=\"a1f38e1\" data-element_type=\"container\">\n\t\t\t\t\t<div class=\"e-con-inner\">\n\t\t\t\t\t<\/div>\n\t\t\t\t<\/div>\n\t\t\t\t<\/div>\n\t\t","protected":false},"excerpt":{"rendered":"<p>Unsere Partnerb\u00e4ckerei Unser Partner: M\u00fchlenb\u00e4ckerei Schmacke Seit \u00fcber 120 Jahren steht die M\u00fchlenb\u00e4ckerei Schmacke in Buxtehude f\u00fcr echtes B\u00e4ckerhandwerk, regionale Zutaten und unverf\u00e4lschten Geschmack. Als Familienbetrieb in vierter Generation verbindet sie Tradition mit Innovation \u2013 und genau das sch\u00e4tzen wir an unserem starken Partner. ? Ehrliches Handwerk, das man schmecktOb kr\u00e4ftiges Roggenbrot mit hauseigenem Sauerteig, [&hellip;]<\/p>\n","protected":false},"author":1,"featured_media":0,"parent":0,"menu_order":0,"comment_status":"closed","ping_status":"closed","template":"elementor_header_footer","meta":{"footnotes":""},"class_list":["post-65","page","type-page","status-publish","hentry"],"_links":{"self":[{"href":"https:\/\/goldenebroetchen.de\/home\/wp-json\/wp\/v2\/pages\/65","targetHints":{"allow":["GET"]}}],"collection":[{"href":"https:\/\/goldenebroetchen.de\/home\/wp-json\/wp\/v2\/pages"}],"about":[{"href":"https:\/\/goldenebroetchen.de\/home\/wp-json\/wp\/v2\/types\/page"}],"author":[{"embeddable":true,"href":"https:\/\/goldenebroetchen.de\/home\/wp-json\/wp\/v2\/users\/1"}],"replies":[{"embeddable":true,"href":"https:\/\/goldenebroetchen.de\/home\/wp-json\/wp\/v2\/comments?post=65"}],"version-history":[{"count":55,"href":"https:\/\/goldenebroetchen.de\/home\/wp-json\/wp\/v2\/pages\/65\/revisions"}],"predecessor-version":[{"id":806,"href":"https:\/\/goldenebroetchen.de\/home\/wp-json\/wp\/v2\/pages\/65\/revisions\/806"}],"wp:attachment":[{"href":"https:\/\/goldenebroetchen.de\/home\/wp-json\/wp\/v2\/media?parent=65"}],"curies":[{"name":"wp","href":"https:\/\/api.w.org\/{rel}","templated":true}]}}