{"id":608,"date":"2025-08-22T23:27:52","date_gmt":"2025-08-22T23:27:52","guid":{"rendered":"https:\/\/goldenebroetchen.de\/home\/?page_id=608"},"modified":"2025-08-26T00:32:28","modified_gmt":"2025-08-26T00:32:28","slug":"agbs","status":"publish","type":"page","link":"https:\/\/goldenebroetchen.de\/home\/agbs\/","title":{"rendered":"AGBs"},"content":{"rendered":"\t\t<div data-elementor-type=\"wp-page\" data-elementor-id=\"608\" class=\"elementor elementor-608\">\n\t\t\t\t<div class=\"elementor-element elementor-element-de513bc e-flex e-con-boxed e-con e-parent\" data-id=\"de513bc\" data-element_type=\"container\">\n\t\t\t\t\t<div class=\"e-con-inner\">\n\t\t\t\t<div class=\"elementor-element elementor-element-9e12184 elementor-widget elementor-widget-spacer\" data-id=\"9e12184\" data-element_type=\"widget\" data-widget_type=\"spacer.default\">\n\t\t\t\t<div class=\"elementor-widget-container\">\n\t\t\t\t\t\t\t<div class=\"elementor-spacer\">\n\t\t\t<div class=\"elementor-spacer-inner\"><\/div>\n\t\t<\/div>\n\t\t\t\t\t\t<\/div>\n\t\t\t\t<\/div>\n\t\t\t\t<div class=\"elementor-element elementor-element-29f0074 elementor-widget elementor-widget-heading\" data-id=\"29f0074\" data-element_type=\"widget\" data-widget_type=\"heading.default\">\n\t\t\t\t<div class=\"elementor-widget-container\">\n\t\t\t\t\t<h2 class=\"elementor-heading-title elementor-size-default\">Allgemeine Gesch\u00e4ftsbedingungen<\/h2>\t\t\t\t<\/div>\n\t\t\t\t<\/div>\n\t\t\t\t\t<\/div>\n\t\t\t\t<\/div>\n\t\t<div class=\"elementor-element elementor-element-e8a8db5 e-flex e-con-boxed e-con e-parent\" data-id=\"e8a8db5\" data-element_type=\"container\">\n\t\t\t\t\t<div class=\"e-con-inner\">\n\t\t\t\t<div class=\"elementor-element elementor-element-428fb38 elementor-widget elementor-widget-text-editor\" data-id=\"428fb38\" data-element_type=\"widget\" data-widget_type=\"text-editor.default\">\n\t\t\t\t<div class=\"elementor-widget-container\">\n\t\t\t\t\t\t\t\t\t<h5 data-start=\"494\" data-end=\"531\">\u00a7 1 Anbieter und Geltungsbereich<\/h5><p data-start=\"532\" data-end=\"622\">(1) Vertragspartner f\u00fcr alle Bestellungen \u00fcber die Webseite <strong data-start=\"592\" data-end=\"615\">goldenebroetchen.de<\/strong> ist:<\/p><p data-start=\"624\" data-end=\"699\">Natalya Stark<br \/>W\u00fcmmeweg 10a, 21147 Hamburg<br \/>E-Mail: info@goldenebroetchen.de<br \/>Telefon: +49 1515 6930405<\/p><p>(2) Diese AGB gelten f\u00fcr s\u00e4mtliche Lieferungen und Leistungen von GoldeneBr\u00f6tchen an Verbraucher und Unternehmer. Abweichende Bedingungen des Kunden werden nicht anerkannt, es sei denn, wir stimmen ihrer Geltung ausdr\u00fccklich schriftlich zu.<\/p><hr data-start=\"945\" data-end=\"948\" \/><h5 data-start=\"950\" data-end=\"974\">\u00a7 2 Vertragsschluss<\/h5><p data-start=\"975\" data-end=\"1457\">(1) Die Pr\u00e4sentation unserer Waren auf der Webseite stellt kein verbindliches Angebot dar.<br data-start=\"1065\" data-end=\"1068\" \/>(2) Mit der Bestellung \u00fcber das Online-Bestellformular gibt der Kunde ein verbindliches Angebot ab.<br data-start=\"1167\" data-end=\"1170\" \/>(3) Der Vertrag kommt mit Auslieferung der Ware oder ausdr\u00fccklicher Annahme durch uns zustande.<br data-start=\"1265\" data-end=\"1268\" \/>(4) Der Kunde ist verpflichtet, seine Bestelldaten vollst\u00e4ndig und korrekt anzugeben. \u00c4nderungen, die nachtr\u00e4glich eine Belieferung verhindern oder erschweren, gehen zu Lasten des Kunden.<\/p><hr data-start=\"1459\" data-end=\"1462\" \/><h5 data-start=\"1464\" data-end=\"1482\">\u00a7 3 Lieferung<\/h5><p data-start=\"1483\" data-end=\"2217\">(1) Die Lieferung erfolgt durch GoldeneBr\u00f6tchen oder beauftragte Lieferpartner fr\u00fchmorgens an die vom Kunden angegebene Lieferadresse.<br data-start=\"1617\" data-end=\"1620\" \/>(2) Lieferzeiten, Liefertage und Bestellfristen sind auf der Webseite angegeben und k\u00f6nnen sich an Feiertagen oder bei besonderen Umst\u00e4nden \u00e4ndern. Die Lieferung erfolgt am Wochenende (Samstag und Sonntag) in den fr\u00fchen Morgenstunden. Bestellungen f\u00fcr das Wochenende m\u00fcssen bis sp\u00e4testens <strong data-start=\"601\" data-end=\"623\">Freitag, 13:00 Uhr<\/strong> eingehen. F\u00fcr Lieferungen an Feiertagen gelten gesonderte Bestell- und Lieferbedingungen, die rechtzeitig auf der Webseite bekannt gegeben werden.<br data-start=\"1813\" data-end=\"1816\" \/>(3) Der Kunde kann einen Ablageort bestimmen (z. B. Haust\u00fcr, Briefkasten, Garage). Mit Ablage der Ware an diesem Ort geht die Gefahr des zuf\u00e4lligen Untergangs oder der Verschlechterung der Ware auf den Kunden \u00fcber.<br data-start=\"2030\" data-end=\"2033\" \/>(4) Ist eine Lieferung aufgrund falscher Adressangaben oder anderer, vom Kunden zu vertretender Umst\u00e4nde nicht m\u00f6glich, bleibt der Kunde zur Zahlung der bestellten Ware verpflichtet.<\/p><hr data-start=\"2219\" data-end=\"2222\" \/><h5 data-start=\"1964\" data-end=\"2003\">\u00a7 4 Preise und Zahlungsbedingungen<\/h5><p data-start=\"2004\" data-end=\"2174\">(1) Es gelten die auf der Webseite angegebenen Preise, einschlie\u00dflich der gesetzlichen Mehrwertsteuer.<br data-start=\"2106\" data-end=\"2109\" \/>(2) Die Bezahlung kann \u00fcber folgende Zahlungsmethoden erfolgen:<\/p><ul data-start=\"2175\" data-end=\"2776\"><li data-start=\"2175\" data-end=\"2428\"><p data-start=\"2177\" data-end=\"2428\"><strong data-start=\"2177\" data-end=\"2203\">SEPA-Lastschriftmandat<\/strong>: Der Rechnungsbetrag wird nach Rechnungsstellung von dem angegebenen Konto eingezogen. Der Kunde hat f\u00fcr ausreichende Deckung zu sorgen. R\u00fccklastschriftkosten (z. B. durch fehlende Kontodeckung) gehen zu Lasten des Kunden.<\/p><\/li><li data-start=\"2429\" data-end=\"2525\"><p data-start=\"2431\" data-end=\"2525\"><strong data-start=\"2431\" data-end=\"2443\">Rechnung<\/strong>: Der Rechnungsbetrag ist nach Erhalt der Rechnung sofort und ohne Abzug f\u00e4llig.<\/p><\/li><li data-start=\"2526\" data-end=\"2776\"><p data-start=\"2528\" data-end=\"2776\"><strong data-start=\"2528\" data-end=\"2538\">PayPal<\/strong>: Die Zahlung erfolgt \u00fcber den Online-Zahlungsdienst PayPal. Es gelten die Nutzungsbedingungen von PayPal.<br data-start=\"2644\" data-end=\"2647\" \/>(3) Ger\u00e4t der Kunde in Zahlungsverzug, sind wir berechtigt, Mahngeb\u00fchren sowie Verzugszinsen in gesetzlicher H\u00f6he zu verlangen.<\/p><\/li><\/ul><hr data-start=\"3044\" data-end=\"3047\" \/><h5 data-start=\"3049\" data-end=\"3076\">\u00a7 5 Abonnementvertr\u00e4ge<\/h5><p data-start=\"3077\" data-end=\"3468\">(1) Kunden k\u00f6nnen zwischen Einmallieferungen und regelm\u00e4\u00dfigen Lieferungen im Abonnement w\u00e4hlen.<br data-start=\"2997\" data-end=\"3000\" \/>(2) Das Abonnement l\u00e4uft auf unbestimmte Zeit und kann vom Kunden mit einer Frist bis <strong data-start=\"3086\" data-end=\"3108\">Freitag, 13:00 Uhr<\/strong> zum n\u00e4chsten Liefertag gek\u00fcndigt werden.<br data-start=\"3149\" data-end=\"3152\" \/>(3) \u00c4nderungen oder Pausen im Abonnement sind ebenfalls nur bis <strong data-start=\"3216\" data-end=\"3238\">Freitag, 13:00 Uhr<\/strong> m\u00f6glich.<\/p><hr data-start=\"3470\" data-end=\"3473\" \/><h5 data-start=\"3475\" data-end=\"3502\">\u00a7 6 Eigentumsvorbehalt<\/h5><p data-start=\"3503\" data-end=\"3593\">Die gelieferte Ware bleibt bis zur vollst\u00e4ndigen Bezahlung Eigentum von GoldeneBr\u00f6tchen.<\/p><hr data-start=\"3595\" data-end=\"3598\" \/><h5 data-start=\"3600\" data-end=\"3623\">\u00a7 7 Gew\u00e4hrleistung<\/h5><p data-start=\"3624\" data-end=\"4378\">(1) GoldeneBr\u00f6tchen und die Lieferpartner haften f\u00fcr M\u00e4ngel bei \u00dcbergabe der Ware nach den gesetzlichen Vorschriften.<br data-start=\"3741\" data-end=\"3744\" \/>(2) Bei falscher oder fehlerhafter Lieferung erfolgt nach Meldung des Kunden eine Ersatzlieferung oder Gutschrift. Ein Anspruch auf Nachlieferung besteht nicht. Lebensmittel sind generell von der R\u00fcckgabe ausgeschlossen, au\u00dfer im Fall von Gew\u00e4hrleistung.<br data-start=\"3998\" data-end=\"4001\" \/>(3) Offensichtliche M\u00e4ngel oder fehlende\/falsche Lieferungen sind sp\u00e4testens innerhalb von 24 Stunden nach Lieferung zu melden.<br data-start=\"4128\" data-end=\"4131\" \/>(4) Die Entscheidung \u00fcber eine m\u00f6gliche R\u00fcckholung der Ware obliegt GoldeneBr\u00f6tchen oder dem zust\u00e4ndigen Lieferpartner.<br data-start=\"4250\" data-end=\"4253\" \/>(5) Die Gefahr des Untergangs oder der Besch\u00e4digung geht mit Ablage der Ware am vereinbarten Ablageort auf den Kunden \u00fcber.<\/p><hr data-start=\"5337\" data-end=\"5340\" \/><h5 data-start=\"5342\" data-end=\"5359\">\u00a7 8 Probierangebote<\/h5><p data-start=\"4191\" data-end=\"4468\">(1) GoldeneBr\u00f6tchen kann Kunden kostenlose Probeartikel oder Probierlieferungen zur Verf\u00fcgung stellen.<br data-start=\"4293\" data-end=\"4296\" \/>(2) Diese kostenlosen Probeangebote k\u00f6nnen nur <strong data-start=\"4343\" data-end=\"4365\">einmalig pro Kunde oder Haushalt<\/strong> in Anspruch genommen werden.<br data-start=\"4394\" data-end=\"4397\" \/>(3) Ein Rechtsanspruch auf kostenlose Probelieferungen besteht nicht.<\/p><hr data-start=\"4380\" data-end=\"4383\" \/><h5 data-start=\"4385\" data-end=\"4408\">\u00a7 9 Widerrufsrecht<\/h5><p data-start=\"4409\" data-end=\"4927\">(1) F\u00fcr verderbliche Waren ist das gesetzliche Widerrufsrecht gem\u00e4\u00df \u00a7 312g Abs. 2 Nr. 2 BGB ausgeschlossen.<br data-start=\"4516\" data-end=\"4519\" \/>(2) F\u00fcr nicht verderbliche Produkte gilt die gesetzliche Widerrufsfrist.<br data-start=\"4685\" data-end=\"4688\" \/>(3) Bei Abonnementvertr\u00e4gen k\u00f6nnen Bestellungen oder \u00c4nderungen bis <strong data-start=\"4846\" data-end=\"4868\">Freitag, 13:00 Uhr<\/strong> vor dem n\u00e4chsten Liefertag storniert werden. Danach ist eine Stornierung nicht mehr m\u00f6glich, da die Produktion der Ware bereits erfolgt ist.<\/p><hr data-start=\"4929\" data-end=\"4932\" \/><h5 data-start=\"4934\" data-end=\"4954\">\u00a7 10 Datenschutz<\/h5><p data-start=\"4955\" data-end=\"5335\">(1) Wir verarbeiten personenbezogene Daten ausschlie\u00dflich zur Abwicklung der Bestellung und im Einklang mit den geltenden Datenschutzgesetzen.<br data-start=\"5097\" data-end=\"5100\" \/>(2) Eine Weitergabe an Dritte erfolgt nur, soweit dies zur Vertragserf\u00fcllung notwendig ist (z. B. an Lieferpartner oder Zahlungsdienstleister).<br data-start=\"5243\" data-end=\"5246\" \/>(3) Details sind in der gesonderten Datenschutzerkl\u00e4rung auf unserer Webseite geregelt.<\/p><hr data-start=\"5337\" data-end=\"5340\" \/><h5 data-start=\"5342\" data-end=\"5359\">\u00a7 11 Haftung<\/h5><p data-start=\"5360\" data-end=\"5663\">(1) Wir haften unbeschr\u00e4nkt f\u00fcr Sch\u00e4den aus Vorsatz und grober Fahrl\u00e4ssigkeit sowie bei Verletzungen von Leben, K\u00f6rper oder Gesundheit.<br data-start=\"5495\" data-end=\"5498\" \/>(2) Bei leicht fahrl\u00e4ssigen Pflichtverletzungen haften wir nur f\u00fcr vorhersehbare und vertragstypische Sch\u00e4den.<br data-start=\"5608\" data-end=\"5611\" \/>(3) Eine weitergehende Haftung ist ausgeschlossen.<\/p><hr data-start=\"5665\" data-end=\"5668\" \/><h5 data-start=\"5670\" data-end=\"5699\">\u00a7 12 Schlussbestimmungen<\/h5><p data-start=\"5700\" data-end=\"5999\">(1) Es gilt das Recht der Bundesrepublik Deutschland.<br data-start=\"5753\" data-end=\"5756\" \/>(2) Gerichtsstand f\u00fcr Kaufleute ist der Sitz von GoldeneBr\u00f6tchen. F\u00fcr Verbraucher gilt der gesetzliche Gerichtsstand.<br data-start=\"5873\" data-end=\"5876\" \/>(3) Sollten einzelne Bestimmungen dieser AGB unwirksam sein, ber\u00fchrt dies die Wirksamkeit der \u00fcbrigen Bestimmungen nicht.<\/p>\t\t\t\t\t\t\t\t<\/div>\n\t\t\t\t<\/div>\n\t\t\t\t\t<\/div>\n\t\t\t\t<\/div>\n\t\t\t\t<\/div>\n\t\t","protected":false},"excerpt":{"rendered":"<p>Allgemeine Gesch\u00e4ftsbedingungen \u00a7 1 Anbieter und Geltungsbereich (1) Vertragspartner f\u00fcr alle Bestellungen \u00fcber die Webseite goldenebroetchen.de ist: Natalya StarkW\u00fcmmeweg 10a, 21147 HamburgE-Mail: info@goldenebroetchen.deTelefon: +49 1515 6930405 (2) Diese AGB gelten f\u00fcr s\u00e4mtliche Lieferungen und Leistungen von GoldeneBr\u00f6tchen an Verbraucher und Unternehmer. Abweichende Bedingungen des Kunden werden nicht anerkannt, es sei denn, wir stimmen ihrer Geltung [&hellip;]<\/p>\n","protected":false},"author":1,"featured_media":0,"parent":0,"menu_order":0,"comment_status":"closed","ping_status":"closed","template":"","meta":{"footnotes":""},"class_list":["post-608","page","type-page","status-publish","hentry"],"_links":{"self":[{"href":"https:\/\/goldenebroetchen.de\/home\/wp-json\/wp\/v2\/pages\/608","targetHints":{"allow":["GET"]}}],"collection":[{"href":"https:\/\/goldenebroetchen.de\/home\/wp-json\/wp\/v2\/pages"}],"about":[{"href":"https:\/\/goldenebroetchen.de\/home\/wp-json\/wp\/v2\/types\/page"}],"author":[{"embeddable":true,"href":"https:\/\/goldenebroetchen.de\/home\/wp-json\/wp\/v2\/users\/1"}],"replies":[{"embeddable":true,"href":"https:\/\/goldenebroetchen.de\/home\/wp-json\/wp\/v2\/comments?post=608"}],"version-history":[{"count":13,"href":"https:\/\/goldenebroetchen.de\/home\/wp-json\/wp\/v2\/pages\/608\/revisions"}],"predecessor-version":[{"id":695,"href":"https:\/\/goldenebroetchen.de\/home\/wp-json\/wp\/v2\/pages\/608\/revisions\/695"}],"wp:attachment":[{"href":"https:\/\/goldenebroetchen.de\/home\/wp-json\/wp\/v2\/media?parent=608"}],"curies":[{"name":"wp","href":"https:\/\/api.w.org\/{rel}","templated":true}]}}