{"id":175,"date":"2025-06-30T19:49:17","date_gmt":"2025-06-30T19:49:17","guid":{"rendered":"http:\/\/fruehstuecksfreude.de\/?page_id=175"},"modified":"2026-01-24T21:19:41","modified_gmt":"2026-01-24T19:19:41","slug":"liefergebiete","status":"publish","type":"page","link":"https:\/\/goldenebroetchen.de\/home\/liefergebiete\/","title":{"rendered":"Liefergebiete"},"content":{"rendered":"\t\t<div data-elementor-type=\"wp-page\" data-elementor-id=\"175\" class=\"elementor elementor-175\">\n\t\t\t\t<div class=\"elementor-element elementor-element-undefined-5eb152e e-flex e-con-boxed e-con e-parent\" data-id=\"undefined-5eb152e\" data-element_type=\"container\" data-settings=\"{&quot;background_background&quot;:&quot;classic&quot;}\">\n\t\t\t\t\t<div class=\"e-con-inner\">\n\t\t<div class=\"elementor-element elementor-element-undefined-90c9d68 e-con-full e-flex elementor-invisible e-con e-child\" data-id=\"undefined-90c9d68\" data-element_type=\"container\" data-settings=\"{&quot;animation&quot;:&quot;fadeIn&quot;}\">\n\t\t\t\t<div class=\"elementor-element elementor-element-undefined-dca6c82 elementor-widget elementor-widget-heading\" data-id=\"undefined-dca6c82\" data-element_type=\"widget\" data-widget_type=\"heading.default\">\n\t\t\t\t<div class=\"elementor-widget-container\">\n\t\t\t\t\t<h2 class=\"elementor-heading-title elementor-size-default\">Liefergebiete<\/h2>\t\t\t\t<\/div>\n\t\t\t\t<\/div>\n\t\t\t\t<div class=\"elementor-element elementor-element-undefined-9cae29a elementor-widget elementor-widget-text-editor\" data-id=\"undefined-9cae29a\" data-element_type=\"widget\" data-widget_type=\"text-editor.default\">\n\t\t\t\t<div class=\"elementor-widget-container\">\n\t\t\t\t\t\t\t\t\t<p>Aktuell beliefern wir ausgew\u00e4hlte Stadtteile im <b>S\u00fcden Hamburgs<\/b>. Unser Liefergebiet w\u00e4chst stetig \u2013 wir starten dort, wo unsere Kundinnen und Kunden uns am meisten brauchen.<\/p><p>Du m\u00f6chtest wissen, ob wir auch zu dir liefern? Gib unten einfach deine Postleitzahl ein und pr\u00fcfe dein Liefergebiet mit nur einem Klick.<\/p>\t\t\t\t\t\t\t\t<\/div>\n\t\t\t\t<\/div>\n\t\t\t\t<div class=\"elementor-element elementor-element-f19b2d3 elementor-widget__width-initial elementor-widget elementor-widget-html\" data-id=\"f19b2d3\" data-element_type=\"widget\" data-widget_type=\"html.default\">\n\t\t\t\t<div class=\"elementor-widget-container\">\n\t\t\t\t\t<!-- Google Fonts: Montserrat -->\r\n<link href=\"https:\/\/fonts.googleapis.com\/css2?family=Montserrat&display=swap\" rel=\"stylesheet\">\r\n\r\n<style>\r\n  * {\r\n    font-family: 'Poppins', sans-serif;\r\n  }\r\n\r\n  .plz-checker-wrapper {\r\n    display: flex;\r\n    align-items: center;\r\n    flex-wrap: wrap;\r\n    gap: 10px;\r\n    margin-bottom: 10px;\r\n  }\r\n\r\n  #plzInput {\r\n    padding: 8px;\r\n    font-size: 16px;\r\n    width: 200px;\r\n    background-color: #E9E9E9;\r\n    border: 1px solid #ccc;\r\n    border-radius: 4px;\r\n  }\r\n\r\n  #plzButton {\r\n    background-color: #D69C0B;\r\n    color: white;\r\n    padding: 8px 16px;\r\n    font-size: 16px;\r\n    border: none;\r\n    cursor: pointer;\r\n    border-radius: 4px;\r\n    transition: background-color 0.3s ease;\r\n  }\r\n\r\n  #plzButton:hover {\r\n    background-color: #c08b0a;\r\n  }\r\n\r\n  #plzResult {\r\n    font-weight: bold;\r\n    margin-top: 5px;\r\n    opacity: 0;\r\n    transition: opacity 0.4s ease-in-out;\r\n  }\r\n\r\n  #plzResult.visible {\r\n    opacity: 1;\r\n  }\r\n\r\n  #bestellButton {\r\n    display: none;\r\n    margin-top: 10px;\r\n    padding: 8px 16px;\r\n    background-color: #A57600;\r\n    color: white;\r\n    text-decoration: none;\r\n    border-radius: 4px;\r\n    font-size: 16px;\r\n    font-weight: bold;\r\n    border: none;\r\n    cursor: pointer;\r\n    transition: background-color 0.3s ease, opacity 0.4s ease-in-out;\r\n    opacity: 0;\r\n  }\r\n\r\n  #bestellButton.visible {\r\n    display: inline-block;\r\n    opacity: 1;\r\n  }\r\n\r\n  #bestellButton:hover {\r\n    background-color: #8b6400;\r\n  }\r\n<\/style>\r\n\r\n<div class=\"plz-checker-wrapper\">\r\n  <input type=\"text\" id=\"plzInput\" placeholder=\"Postleitzahl eingeben\">\r\n  <button id=\"plzButton\" onclick=\"checkPLZ()\">Pr\u00fcfen<\/button>\r\n<\/div>\r\n\r\n<p id=\"plzResult\"><\/p>\r\n<a id=\"bestellButton\" href=\"https:\/\/bestellen.goldenebroetchen.de\/\" target=\"_blank\">Jetzt bestellen<\/a>\r\n\r\n<script>\r\n  const lieferbarePLZ = [\"21147\", \"21149\", \"21079\", \"21635\", \"21129\"];\r\n  const result = document.getElementById(\"plzResult\");\r\n  const bestellButton = document.getElementById(\"bestellButton\");\r\n  const input = document.getElementById(\"plzInput\");\r\n\r\n  function showMessage(message, color) {\r\n    result.innerText = message;\r\n    result.style.color = color;\r\n    result.classList.remove(\"visible\");\r\n    void result.offsetWidth;\r\n    result.classList.add(\"visible\");\r\n  }\r\n\r\n  function checkPLZ() {\r\n    const value = input.value.trim();\r\n\r\n    if (!\/^\\d+$\/.test(value)) {\r\n      showMessage(\"\u2757 Bitte gib nur Ziffern ein.\", \"black\");\r\n      bestellButton.classList.remove(\"visible\");\r\n      return;\r\n    }\r\n\r\n    if (lieferbarePLZ.includes(value)) {\r\n      showMessage(\"\u2705 In deinem Gebiet wird geliefert!\", \"green\");\r\n      bestellButton.classList.add(\"visible\");\r\n    } else {\r\n      showMessage(\"\u274c Leider liefern wir nicht in dieses Gebiet.\", \"black\");\r\n      bestellButton.classList.remove(\"visible\");\r\n    }\r\n  }\r\n\r\n  input.addEventListener(\"keydown\", function(event) {\r\n    if (event.key === \"Enter\") {\r\n      event.preventDefault();\r\n      checkPLZ();\r\n    }\r\n  });\r\n<\/script>\r\n\t\t\t\t<\/div>\n\t\t\t\t<\/div>\n\t\t\t\t<\/div>\n\t\t<div class=\"elementor-element elementor-element-undefined-ca9b571 e-con-full e-flex elementor-invisible e-con e-child\" data-id=\"undefined-ca9b571\" data-element_type=\"container\" data-settings=\"{&quot;animation&quot;:&quot;fadeInRight&quot;}\">\n\t\t\t\t<div class=\"elementor-element elementor-element-undefined-01d1d23 elementor-widget__width-initial elementor-widget elementor-widget-image\" data-id=\"undefined-01d1d23\" data-element_type=\"widget\" data-widget_type=\"image.default\">\n\t\t\t\t<div class=\"elementor-widget-container\">\n\t\t\t\t\t\t\t\t\t\t\t\t\t\t\t<img fetchpriority=\"high\" decoding=\"async\" width=\"800\" height=\"800\" src=\"https:\/\/goldenebroetchen.de\/wp-content\/uploads\/2025\/07\/ChatGPT-Image-2.-Juli-2025-16_39_13.png\" class=\"attachment-large size-large wp-image-347\" alt=\"\" srcset=\"https:\/\/goldenebroetchen.de\/wp-content\/uploads\/2025\/07\/ChatGPT-Image-2.-Juli-2025-16_39_13.png 1024w, https:\/\/goldenebroetchen.de\/wp-content\/uploads\/2025\/07\/ChatGPT-Image-2.-Juli-2025-16_39_13-300x300.png 300w, https:\/\/goldenebroetchen.de\/wp-content\/uploads\/2025\/07\/ChatGPT-Image-2.-Juli-2025-16_39_13-150x150.png 150w, https:\/\/goldenebroetchen.de\/wp-content\/uploads\/2025\/07\/ChatGPT-Image-2.-Juli-2025-16_39_13-768x768.png 768w\" sizes=\"(max-width: 800px) 100vw, 800px\" \/>\t\t\t\t\t\t\t\t\t\t\t\t\t\t\t<\/div>\n\t\t\t\t<\/div>\n\t\t\t\t<\/div>\n\t\t\t\t\t<\/div>\n\t\t\t\t<\/div>\n\t\t<div class=\"elementor-element elementor-element-9e6109f e-flex e-con-boxed e-con e-parent\" data-id=\"9e6109f\" data-element_type=\"container\">\n\t\t\t\t\t<div class=\"e-con-inner\">\n\t\t\t\t\t<\/div>\n\t\t\t\t<\/div>\n\t\t\t\t<\/div>\n\t\t","protected":false},"excerpt":{"rendered":"<p>Liefergebiete Aktuell beliefern wir ausgew\u00e4hlte Stadtteile im S\u00fcden Hamburgs. Unser Liefergebiet w\u00e4chst stetig \u2013 wir starten dort, wo unsere Kundinnen und Kunden uns am meisten brauchen. Du m\u00f6chtest wissen, ob wir auch zu dir liefern? Gib unten einfach deine Postleitzahl ein und pr\u00fcfe dein Liefergebiet mit nur einem Klick. Pr\u00fcfen Jetzt bestellen<\/p>\n","protected":false},"author":1,"featured_media":0,"parent":0,"menu_order":0,"comment_status":"closed","ping_status":"closed","template":"","meta":{"footnotes":""},"class_list":["post-175","page","type-page","status-publish","hentry"],"_links":{"self":[{"href":"https:\/\/goldenebroetchen.de\/home\/wp-json\/wp\/v2\/pages\/175","targetHints":{"allow":["GET"]}}],"collection":[{"href":"https:\/\/goldenebroetchen.de\/home\/wp-json\/wp\/v2\/pages"}],"about":[{"href":"https:\/\/goldenebroetchen.de\/home\/wp-json\/wp\/v2\/types\/page"}],"author":[{"embeddable":true,"href":"https:\/\/goldenebroetchen.de\/home\/wp-json\/wp\/v2\/users\/1"}],"replies":[{"embeddable":true,"href":"https:\/\/goldenebroetchen.de\/home\/wp-json\/wp\/v2\/comments?post=175"}],"version-history":[{"count":115,"href":"https:\/\/goldenebroetchen.de\/home\/wp-json\/wp\/v2\/pages\/175\/revisions"}],"predecessor-version":[{"id":855,"href":"https:\/\/goldenebroetchen.de\/home\/wp-json\/wp\/v2\/pages\/175\/revisions\/855"}],"wp:attachment":[{"href":"https:\/\/goldenebroetchen.de\/home\/wp-json\/wp\/v2\/media?parent=175"}],"curies":[{"name":"wp","href":"https:\/\/api.w.org\/{rel}","templated":true}]}}